{"id":278,"date":"2013-01-25T18:58:44","date_gmt":"2013-01-25T17:58:44","guid":{"rendered":"http:\/\/www.kindercoachingroosmarijn.nl\/?page_id=278"},"modified":"2020-03-17T20:57:21","modified_gmt":"2020-03-17T19:57:21","slug":"kindercoaching-roosmarijn-in-de-media","status":"publish","type":"page","link":"https:\/\/www.kindercoachingroosmarijn.nl\/?page_id=278","title":{"rendered":"Kindercoaching Roosmarijn in de media"},"content":{"rendered":"<p>Interview in Ouders van nu:<\/p>\n<p><a href=\"http:\/\/www.kindercoachingroosmarijn.nl\/wp-content\/uploads\/2013\/01\/artikles-in-ouders-van-nu.pdf\">artikel\/interview in ouders van nu<\/a><\/p>\n<p>&nbsp;<\/p>\n<p>Radio interview over : Wat is Kindercoaching:<\/p>\n<p>&nbsp;<\/p>\n<!--[if lt IE 9]><script>document.createElement('audio');<\/script><![endif]-->\n<audio class=\"wp-audio-shortcode\" id=\"audio-278-1\" preload=\"none\" style=\"width: 100%;\" controls=\"controls\"><source type=\"audio\/mpeg\" src=\"http:\/\/www.kindercoachingroosmarijn.nl\/wp-content\/uploads\/2013\/01\/Interview-Roosmarijn-van-der-Tas-in-Wakkere-Wereld-2016-1.mp3?_=1\" \/><a href=\"http:\/\/www.kindercoachingroosmarijn.nl\/wp-content\/uploads\/2013\/01\/Interview-Roosmarijn-van-der-Tas-in-Wakkere-Wereld-2016-1.mp3\">http:\/\/www.kindercoachingroosmarijn.nl\/wp-content\/uploads\/2013\/01\/Interview-Roosmarijn-van-der-Tas-in-Wakkere-Wereld-2016-1.mp3<\/a><\/audio>\n<p>&nbsp;<\/p>\n<p>Kindercoach Roosmarijn schrijft blogs, en deze zijn\u00a0te vinden op:<\/p>\n<p>https:\/\/www.allesoversport.nl\/auteur\/roosmarijn-van-der-tas\/<\/p>\n<p>&nbsp;<\/p>\n<p>&nbsp;<\/p>\n<p>Ook is zij\u00a0panel-lid\u00a0van het team van professionals die allerlei vragen beantwoorden m.b.t. \u00a0kinderen en ontwikkeling.<\/p>\n<p><a href=\"http:\/\/www.kijkopontwikkeling.nl\/problemen\/kijk-op-de-praktijk\/kindercoach-roosmarijn-van-der-tas-sint.html\">http:\/\/www.kijkopontwikkeling.nl\/problemen\/vraag-en-antwoord.html<\/a><\/p>\n<blockquote class=\"wp-embedded-content\" data-secret=\"MD3WSW7s2R\"><p><a href=\"https:\/\/www.kijkopontwikkeling.nl\/zorgaanbieder\/kindercoaching-roosmarijn\/\">Kindercoaching Roosmarijn<\/a><\/p><\/blockquote>\n<p><iframe class=\"wp-embedded-content\" sandbox=\"allow-scripts\" security=\"restricted\" style=\"position: absolute; visibility: hidden;\" title=\"&#8220;Kindercoaching Roosmarijn&#8221; &#8212; Kijk op Ontwikkeling\" src=\"https:\/\/www.kijkopontwikkeling.nl\/zorgaanbieder\/kindercoaching-roosmarijn\/embed\/#?secret=X2p4G85qsR#?secret=MD3WSW7s2R\" data-secret=\"MD3WSW7s2R\" width=\"500\" height=\"282\" frameborder=\"0\" marginwidth=\"0\" marginheight=\"0\" scrolling=\"no\"><\/iframe><\/p>\n<p>&nbsp;<\/p>\n<p>Ook op Facebook heeft zij een pagina:<\/p>\n<p><a href=\"https:\/\/www.facebook.com\/KindercoachingRoosmarijn\">https:\/\/www.facebook.com\/KindercoachingRoosmarijn<\/a><\/p>\n<p>&nbsp;<\/p>\n<p>En op linked-in is zij te vinden op:<\/p>\n<p><a href=\"http:\/\/nl.linkedin.com\/pub\/roosmarijn-van-der-tas-sint\/33\/1\/213\">http:\/\/nl.linkedin.com\/pub\/roosmarijn-van-der-tas-sint\/33\/1\/213<\/a><\/p>\n<p>&nbsp;<\/p>\n<p>En te volgen op twitter:<\/p>\n<p><a href=\"https:\/\/twitter.com\/KindercoachRoos\">https:\/\/twitter.com\/KindercoachRoos<\/a><\/p>\n<div><\/div>\n<div>Artikel in &#8220;De Castricummer&#8221; van 03-10-2012 naar aanleiding van de week van de opvoeding.<\/div>\n<p><a href=\"http:\/\/www.kindercoachingroosmarijn.nl\/wp-content\/uploads\/2013\/01\/krantenartikel2.jpeg\"><img decoding=\"async\" class=\"alignnone size-medium wp-image-311\" title=\"De Castricummer 03-10-2012\" src=\"http:\/\/www.kindercoachingroosmarijn.nl\/wp-content\/uploads\/2013\/01\/krantenartikel2-114x300.jpg\" alt=\"\" width=\"114\" height=\"300\" \/><\/a><\/p>\n<p>&nbsp;<\/p>\n<p>Artikel in het nieuwsblad voor Castricum over de week van de kindercoach april 2014:<\/p>\n<p>&nbsp;<\/p>\n<p align=\"center\">PERSBERICHT<\/p>\n<p align=\"center\"><strong>7 t\/m 11 april week van de Kindercoach<br \/>\nGratis inzichtsessie <\/strong><\/p>\n<p><strong>Van\u00a07 tot en met 11 april 2014 is het de week van de Kindercoach. Ter gelegenheid van deze themaweek, biedt gediplomeerd Kindercoach Roosmarijn Sint ouders een kijkje in haar praktijk. Dit doet zij middels een gratis inzichtsessie. Tijdens deze sessie ontvangen ouders inzicht over wat Kindercoaching is, voor wie het is en eventueel ook handige tips over veelvoorkomende hulpvragen en mogelijke drempels in de opvoeding. \u201cHoezeer je je best ook doet, elke ouder loopt weleens ergens tegenaan\u201d, vertelt Roosmarijn. \u201cDan kan het heel fijn zijn als een ervaren coach even met je meekijkt.\u201d <\/strong><\/p>\n<p><strong>Zetje in de goede richting<\/strong><br \/>\n\u201cEen inzichtsessie kan een zetje in de goede richting geven\u201d, vertelt Roosmarijn verder. Heeft het gezin meer begeleiding nodig, dan werkt de kindercoach zowel samen met de ouder(s) als met het kind. Zo coacht Roosmarijn kinderen met bijvoorbeeld hooggevoeligheid of faalangst. \u201cDe behandeling wordt op elk kind afgestemd, vari\u00ebrend van weerbaarheidstraining, (kinder)mindfulness tot opvoedopstellingen. Samen met het kind en de ouders werken we van probleem naar de oplossing. Bewustwording is stap \u00e9\u00e9n in het proces, met als doel weer balans te cre\u00ebren voor het kind en ook binnen het gezin.\u201d<\/p>\n<div>\n<p><strong>Professionele frisse blik<br \/>\n<\/strong>\u201cHet kan fijn zijn eerst eens vrijblijvend kennis te maken met wat een kindercoach nu eigenlijk doet en wat zij voor je kind kan betekenen. Dat deel ik graag, eventueel samen met praktische adviezen\u201d, aldus Roosmarijn. Ouders die behoefte hebben aan een professionele frisse blik op een eventuele hulpvraag of bij de opvoeding, kunnen contact opnemen voor de gratis inzichtsessie via <a href=\"http:\/\/www.kindercoachingroosmarijn.nl\/\">www.kindercoachingroosmarijn.nl<\/a><a href=\"http:\/\/www.kindercoachingroosmarijn.nl\/wp-content\/uploads\/2013\/01\/DSCN4257a.jpg\"><img fetchpriority=\"high\" decoding=\"async\" class=\"alignleft size-large wp-image-476\" title=\"DSCN4257a\" src=\"http:\/\/www.kindercoachingroosmarijn.nl\/wp-content\/uploads\/2013\/01\/DSCN4257a-1024x768.jpg\" alt=\"\" width=\"630\" height=\"472\" srcset=\"https:\/\/www.kindercoachingroosmarijn.nl\/wp-content\/uploads\/2013\/01\/DSCN4257a-1024x768.jpg 1024w, https:\/\/www.kindercoachingroosmarijn.nl\/wp-content\/uploads\/2013\/01\/DSCN4257a-300x225.jpg 300w\" sizes=\"(max-width: 630px) 100vw, 630px\" \/><\/a><\/p>\n<\/div>\n<p>&nbsp;<\/p>\n<p>&nbsp;<\/p>\n<p>&nbsp;<\/p>\n<p>&nbsp;<\/p>\n<p>&nbsp;<\/p>\n<p>&nbsp;<\/p>\n<p>&nbsp;<\/p>\n<p>&nbsp;<\/p>\n<p>&nbsp;<\/p>\n<p>&nbsp;<\/p>\n<p>&nbsp;<\/p>\n<p>&nbsp;<\/p>\n<p>&nbsp;<\/p>\n<p>&nbsp;<\/p>\n<p>&nbsp;<\/p>\n<p>&nbsp;<\/p>\n<p>Tevens ben ik sponsor van de &#8220;kleur en puzzelgids&#8221; voor het Rode Kruis Ziekenhuis te Beverwijk.<\/p>\n<p><a href=\"http:\/\/www.kindercoachingroosmarijn.nl\/wp-content\/uploads\/2013\/01\/Cliniclowns.jpeg\"><img decoding=\"async\" class=\"alignleft size-medium wp-image-313\" title=\"Cliniclowns\" src=\"http:\/\/www.kindercoachingroosmarijn.nl\/wp-content\/uploads\/2013\/01\/Cliniclowns-218x300.jpg\" alt=\"\" width=\"218\" height=\"300\" srcset=\"https:\/\/www.kindercoachingroosmarijn.nl\/wp-content\/uploads\/2013\/01\/Cliniclowns-218x300.jpg 218w, https:\/\/www.kindercoachingroosmarijn.nl\/wp-content\/uploads\/2013\/01\/Cliniclowns-744x1024.jpg 744w, https:\/\/www.kindercoachingroosmarijn.nl\/wp-content\/uploads\/2013\/01\/Cliniclowns.jpeg 1700w\" sizes=\"(max-width: 218px) 100vw, 218px\" \/><\/a><\/p>\n<p>&nbsp;<\/p>\n<p>&nbsp;<\/p>\n<p>&nbsp;<\/p>\n<p>&nbsp;<\/p>\n<p>&nbsp;<\/p>\n<p>&nbsp;<\/p>\n<p>&nbsp;<\/p>\n<p>&nbsp;<\/p>\n<p>&nbsp;<\/p>\n<p>&nbsp;<\/p>\n<p>&nbsp;<\/p>\n<p>&nbsp;<\/p>\n<p>&nbsp;<\/p>\n<p>&nbsp;<\/p>\n<p>&nbsp;<\/p>\n","protected":false},"excerpt":{"rendered":"<p>Interview in Ouders van nu: artikel\/interview in ouders van nu &nbsp; Radio interview over : Wat is Kindercoaching: &nbsp; &nbsp; Kindercoach Roosmarijn schrijft blogs, en deze zijn\u00a0te vinden op: https:\/\/www.allesoversport.nl\/auteur\/roosmarijn-van-der-tas\/ &nbsp; &nbsp; Ook is zij\u00a0panel-lid\u00a0van het team van professionals die allerlei vragen beantwoorden m.b.t. \u00a0kinderen en ontwikkeling. http:\/\/www.kijkopontwikkeling.nl\/problemen\/vraag-en-antwoord.html Kindercoaching Roosmarijn &nbsp; Ook op Facebook heeft [&hellip;]<\/p>\n","protected":false},"author":2,"featured_media":0,"parent":0,"menu_order":0,"comment_status":"closed","ping_status":"closed","template":"","meta":{"footnotes":""},"class_list":["post-278","page","type-page","status-publish","hentry"],"jetpack_sharing_enabled":true,"_links":{"self":[{"href":"https:\/\/www.kindercoachingroosmarijn.nl\/index.php?rest_route=\/wp\/v2\/pages\/278","targetHints":{"allow":["GET"]}}],"collection":[{"href":"https:\/\/www.kindercoachingroosmarijn.nl\/index.php?rest_route=\/wp\/v2\/pages"}],"about":[{"href":"https:\/\/www.kindercoachingroosmarijn.nl\/index.php?rest_route=\/wp\/v2\/types\/page"}],"author":[{"embeddable":true,"href":"https:\/\/www.kindercoachingroosmarijn.nl\/index.php?rest_route=\/wp\/v2\/users\/2"}],"replies":[{"embeddable":true,"href":"https:\/\/www.kindercoachingroosmarijn.nl\/index.php?rest_route=%2Fwp%2Fv2%2Fcomments&post=278"}],"version-history":[{"count":37,"href":"https:\/\/www.kindercoachingroosmarijn.nl\/index.php?rest_route=\/wp\/v2\/pages\/278\/revisions"}],"predecessor-version":[{"id":1128,"href":"https:\/\/www.kindercoachingroosmarijn.nl\/index.php?rest_route=\/wp\/v2\/pages\/278\/revisions\/1128"}],"wp:attachment":[{"href":"https:\/\/www.kindercoachingroosmarijn.nl\/index.php?rest_route=%2Fwp%2Fv2%2Fmedia&parent=278"}],"curies":[{"name":"wp","href":"https:\/\/api.w.org\/{rel}","templated":true}]}}